{"id":15571,"date":"2024-01-17T11:25:57","date_gmt":"2024-01-17T11:25:57","guid":{"rendered":"https:\/\/www.lawmarbella.com\/carolina\/"},"modified":"2024-03-01T11:28:45","modified_gmt":"2024-03-01T11:28:45","slug":"carolina","status":"publish","type":"page","link":"https:\/\/www.lawmarbella.com\/es\/carolina\/","title":{"rendered":"Carolina"},"content":{"rendered":"\t\t<div data-elementor-type=\"wp-page\" data-elementor-id=\"15571\" class=\"elementor elementor-15571 elementor-13135\" data-elementor-post-type=\"page\">\n\t\t\t\t\t\t<section class=\"elementor-section elementor-top-section elementor-element elementor-element-31b2af8 elementor-section-boxed elementor-section-height-default elementor-section-height-default\" data-id=\"31b2af8\" data-element_type=\"section\">\n\t\t\t\t\t\t<div class=\"elementor-container elementor-column-gap-default\">\n\t\t\t\t\t<div class=\"elementor-column elementor-col-100 elementor-top-column elementor-element elementor-element-2e0819f\" data-id=\"2e0819f\" data-element_type=\"column\">\n\t\t\t<div class=\"elementor-widget-wrap elementor-element-populated\">\n\t\t\t\t\t\t<div class=\"elementor-element elementor-element-5236045 elementor-widget elementor-widget-spacer\" data-id=\"5236045\" data-element_type=\"widget\" data-widget_type=\"spacer.default\">\n\t\t\t\t<div class=\"elementor-widget-container\">\n\t\t\t<style>\/*! elementor - v3.19.0 - 26-02-2024 *\/\n.elementor-column .elementor-spacer-inner{height:var(--spacer-size)}.e-con{--container-widget-width:100%}.e-con-inner>.elementor-widget-spacer,.e-con>.elementor-widget-spacer{width:var(--container-widget-width,var(--spacer-size));--align-self:var(--container-widget-align-self,initial);--flex-shrink:0}.e-con-inner>.elementor-widget-spacer>.elementor-widget-container,.e-con>.elementor-widget-spacer>.elementor-widget-container{height:100%;width:100%}.e-con-inner>.elementor-widget-spacer>.elementor-widget-container>.elementor-spacer,.e-con>.elementor-widget-spacer>.elementor-widget-container>.elementor-spacer{height:100%}.e-con-inner>.elementor-widget-spacer>.elementor-widget-container>.elementor-spacer>.elementor-spacer-inner,.e-con>.elementor-widget-spacer>.elementor-widget-container>.elementor-spacer>.elementor-spacer-inner{height:var(--container-widget-height,var(--spacer-size))}.e-con-inner>.elementor-widget-spacer.elementor-widget-empty,.e-con>.elementor-widget-spacer.elementor-widget-empty{position:relative;min-height:22px;min-width:22px}.e-con-inner>.elementor-widget-spacer.elementor-widget-empty .elementor-widget-empty-icon,.e-con>.elementor-widget-spacer.elementor-widget-empty .elementor-widget-empty-icon{position:absolute;top:0;bottom:0;left:0;right:0;margin:auto;padding:0;width:22px;height:22px}<\/style>\t\t<div class=\"elementor-spacer\">\n\t\t\t<div class=\"elementor-spacer-inner\"><\/div>\n\t\t<\/div>\n\t\t\t\t<\/div>\n\t\t\t\t<\/div>\n\t\t\t\t\t<\/div>\n\t\t<\/div>\n\t\t\t\t\t<\/div>\n\t\t<\/section>\n\t\t\t\t<section class=\"elementor-section elementor-top-section elementor-element elementor-element-72893d9 elementor-section-boxed elementor-section-height-default elementor-section-height-default\" data-id=\"72893d9\" data-element_type=\"section\" data-settings=\"{&quot;background_background&quot;:&quot;classic&quot;}\">\n\t\t\t\t\t\t<div class=\"elementor-container elementor-column-gap-default\">\n\t\t\t\t\t<div class=\"elementor-column elementor-col-50 elementor-top-column elementor-element elementor-element-5bd87f1 elementor-invisible\" data-id=\"5bd87f1\" data-element_type=\"column\" data-settings=\"{&quot;background_background&quot;:&quot;classic&quot;,&quot;animation&quot;:&quot;fadeInLeft&quot;}\">\n\t\t\t<div class=\"elementor-widget-wrap elementor-element-populated\">\n\t\t\t\t\t<div class=\"elementor-background-overlay\"><\/div>\n\t\t\t\t\t\t<div class=\"elementor-element elementor-element-0428178 elementor-widget elementor-widget-image\" data-id=\"0428178\" data-element_type=\"widget\" data-widget_type=\"image.default\">\n\t\t\t\t<div class=\"elementor-widget-container\">\n\t\t\t<style>\/*! elementor - v3.19.0 - 26-02-2024 *\/\n.elementor-widget-image{text-align:center}.elementor-widget-image a{display:inline-block}.elementor-widget-image a img[src$=\".svg\"]{width:48px}.elementor-widget-image img{vertical-align:middle;display:inline-block}<\/style>\t\t\t\t\t\t\t\t\t\t<img fetchpriority=\"high\" decoding=\"async\" width=\"640\" height=\"960\" src=\"https:\/\/www.lawmarbella.com\/wp-content\/uploads\/2024\/01\/LAWMARBELLA-TEAM-062-1-683x1024.jpg\" class=\"attachment-large size-large wp-image-15572\" alt=\"\" srcset=\"https:\/\/www.lawmarbella.com\/wp-content\/uploads\/2024\/01\/LAWMARBELLA-TEAM-062-1-683x1024.jpg 683w, https:\/\/www.lawmarbella.com\/wp-content\/uploads\/2024\/01\/LAWMARBELLA-TEAM-062-1-200x300.jpg 200w, https:\/\/www.lawmarbella.com\/wp-content\/uploads\/2024\/01\/LAWMARBELLA-TEAM-062-1-768x1152.jpg 768w, https:\/\/www.lawmarbella.com\/wp-content\/uploads\/2024\/01\/LAWMARBELLA-TEAM-062-1-1024x1536.jpg 1024w, https:\/\/www.lawmarbella.com\/wp-content\/uploads\/2024\/01\/LAWMARBELLA-TEAM-062-1-1366x2048.jpg 1366w, https:\/\/www.lawmarbella.com\/wp-content\/uploads\/2024\/01\/LAWMARBELLA-TEAM-062-1-600x900.jpg 600w, https:\/\/www.lawmarbella.com\/wp-content\/uploads\/2024\/01\/LAWMARBELLA-TEAM-062-1.jpg 1667w\" sizes=\"(max-width: 640px) 100vw, 640px\" \/>\t\t\t\t\t\t\t\t\t\t\t\t\t<\/div>\n\t\t\t\t<\/div>\n\t\t\t\t\t<\/div>\n\t\t<\/div>\n\t\t\t\t<div class=\"elementor-column elementor-col-50 elementor-top-column elementor-element elementor-element-67f4d95\" data-id=\"67f4d95\" data-element_type=\"column\">\n\t\t\t<div class=\"elementor-widget-wrap elementor-element-populated\">\n\t\t\t\t\t\t<div class=\"elementor-element elementor-element-073f72d elementor-widget elementor-widget-spacer\" data-id=\"073f72d\" data-element_type=\"widget\" data-widget_type=\"spacer.default\">\n\t\t\t\t<div class=\"elementor-widget-container\">\n\t\t\t\t\t<div class=\"elementor-spacer\">\n\t\t\t<div class=\"elementor-spacer-inner\"><\/div>\n\t\t<\/div>\n\t\t\t\t<\/div>\n\t\t\t\t<\/div>\n\t\t\t\t<div class=\"elementor-element elementor-element-955653a elementor-widget elementor-widget-heading\" data-id=\"955653a\" data-element_type=\"widget\" data-widget_type=\"heading.default\">\n\t\t\t\t<div class=\"elementor-widget-container\">\n\t\t\t<style>\/*! elementor - v3.19.0 - 26-02-2024 *\/\n.elementor-heading-title{padding:0;margin:0;line-height:1}.elementor-widget-heading .elementor-heading-title[class*=elementor-size-]>a{color:inherit;font-size:inherit;line-height:inherit}.elementor-widget-heading .elementor-heading-title.elementor-size-small{font-size:15px}.elementor-widget-heading .elementor-heading-title.elementor-size-medium{font-size:19px}.elementor-widget-heading .elementor-heading-title.elementor-size-large{font-size:29px}.elementor-widget-heading .elementor-heading-title.elementor-size-xl{font-size:39px}.elementor-widget-heading .elementor-heading-title.elementor-size-xxl{font-size:59px}<\/style><h2 class=\"elementor-heading-title elementor-size-default\">Carolina Schriver<\/h2>\t\t<\/div>\n\t\t\t\t<\/div>\n\t\t\t\t<div class=\"elementor-element elementor-element-87a96c8 elementor-widget elementor-widget-spacer\" data-id=\"87a96c8\" data-element_type=\"widget\" data-widget_type=\"spacer.default\">\n\t\t\t\t<div class=\"elementor-widget-container\">\n\t\t\t\t\t<div class=\"elementor-spacer\">\n\t\t\t<div class=\"elementor-spacer-inner\"><\/div>\n\t\t<\/div>\n\t\t\t\t<\/div>\n\t\t\t\t<\/div>\n\t\t\t\t<div class=\"elementor-element elementor-element-a0e0a59 elementor-widget elementor-widget-heading\" data-id=\"a0e0a59\" data-element_type=\"widget\" data-widget_type=\"heading.default\">\n\t\t\t\t<div class=\"elementor-widget-container\">\n\t\t\t<h2 class=\"elementor-heading-title elementor-size-default\">PARALEGAL<\/h2>\t\t<\/div>\n\t\t\t\t<\/div>\n\t\t\t\t<div class=\"elementor-element elementor-element-13dbe4d elementor-widget elementor-widget-text-editor\" data-id=\"13dbe4d\" data-element_type=\"widget\" data-widget_type=\"text-editor.default\">\n\t\t\t\t<div class=\"elementor-widget-container\">\n\t\t\t<style>\/*! elementor - v3.19.0 - 26-02-2024 *\/\n.elementor-widget-text-editor.elementor-drop-cap-view-stacked .elementor-drop-cap{background-color:#69727d;color:#fff}.elementor-widget-text-editor.elementor-drop-cap-view-framed .elementor-drop-cap{color:#69727d;border:3px solid;background-color:transparent}.elementor-widget-text-editor:not(.elementor-drop-cap-view-default) .elementor-drop-cap{margin-top:8px}.elementor-widget-text-editor:not(.elementor-drop-cap-view-default) .elementor-drop-cap-letter{width:1em;height:1em}.elementor-widget-text-editor .elementor-drop-cap{float:left;text-align:center;line-height:1;font-size:50px}.elementor-widget-text-editor .elementor-drop-cap-letter{display:inline-block}<\/style>\t\t\t\t<p style=\"font-weight: 400; text-align: justify;\">Licenciada en Econom\u00eda, Carolina se incorpor\u00f3 a Garc\u00eda Castarnado Abogados en 2023.<\/p>\n<p style=\"font-weight: 400; text-align: justify;\">Antes de mudarse a Espa\u00f1a, trabaj\u00f3 en Londres en la consultora de riesgos Kroll, encargada de realizar investigaciones de due diligence. Tiene experiencia en docencia, habiendo pasado varios a\u00f1os impartiendo cursos de econom\u00eda en un programa intensivo en Londres. Su experiencia profesional incluye su trabajo en la multinacional de software SAP SE en Berlin y pr\u00e1cticas en la oficina londinense de Goldman Sachs.<\/p>\n<p style=\"font-weight: 400; text-align: justify;\">Es licenciada en Econom\u00eda por la University College London (2018), y posse un m\u00e1ster en Historia por la London School of Economics and Political Science (2020). Estudi\u00f3 un a\u00f1o en el Instituto Estatal de Relaciones Internacionales de Mosc\u00fa \u2013 MGIMO (2016-2017).<\/p>\n<p style=\"font-weight: 400; text-align: justify;\">Hablante nativa de alem\u00e1n y ruso, Carolina tambi\u00e9n habla franc\u00e9s y espa\u00f1ol.<\/p>\n\t\t\t\t\t\t<\/div>\n\t\t\t\t<\/div>\n\t\t\t\t\t<\/div>\n\t\t<\/div>\n\t\t\t\t\t<\/div>\n\t\t<\/section>\n\t\t\t\t<section class=\"elementor-section elementor-top-section elementor-element elementor-element-c619f8c elementor-section-boxed elementor-section-height-default elementor-section-height-default\" data-id=\"c619f8c\" data-element_type=\"section\">\n\t\t\t\t\t\t<div class=\"elementor-container elementor-column-gap-default\">\n\t\t\t\t\t<div class=\"elementor-column elementor-col-100 elementor-top-column elementor-element elementor-element-533434b\" data-id=\"533434b\" data-element_type=\"column\">\n\t\t\t<div class=\"elementor-widget-wrap elementor-element-populated\">\n\t\t\t\t\t\t<section class=\"elementor-section elementor-inner-section elementor-element elementor-element-88b9a0c elementor-section-boxed elementor-section-height-default elementor-section-height-default\" data-id=\"88b9a0c\" data-element_type=\"section\">\n\t\t\t\t\t\t<div class=\"elementor-container elementor-column-gap-default\">\n\t\t\t\t\t<div class=\"elementor-column elementor-col-50 elementor-inner-column elementor-element elementor-element-d61a348\" data-id=\"d61a348\" data-element_type=\"column\">\n\t\t\t<div class=\"elementor-widget-wrap elementor-element-populated\">\n\t\t\t\t\t\t<div class=\"elementor-element elementor-element-96f0e4f elementor-view-default elementor-widget elementor-widget-icon\" data-id=\"96f0e4f\" data-element_type=\"widget\" data-widget_type=\"icon.default\">\n\t\t\t\t<div class=\"elementor-widget-container\">\n\t\t\t\t\t<div class=\"elementor-icon-wrapper\">\n\t\t\t<div class=\"elementor-icon\">\n\t\t\t<i aria-hidden=\"true\" class=\"fas fa-arrow-left\"><\/i>\t\t\t<\/div>\n\t\t<\/div>\n\t\t\t\t<\/div>\n\t\t\t\t<\/div>\n\t\t\t\t\t<\/div>\n\t\t<\/div>\n\t\t\t\t<div class=\"elementor-column elementor-col-50 elementor-inner-column elementor-element elementor-element-90e5709\" data-id=\"90e5709\" data-element_type=\"column\">\n\t\t\t<div class=\"elementor-widget-wrap elementor-element-populated\">\n\t\t\t\t\t\t<div class=\"elementor-element elementor-element-ffb3571 elementor-align-left elementor-widget elementor-widget-button\" data-id=\"ffb3571\" data-element_type=\"widget\" data-widget_type=\"button.default\">\n\t\t\t\t<div class=\"elementor-widget-container\">\n\t\t\t\t\t<div class=\"elementor-button-wrapper\">\n\t\t\t<a class=\"elementor-button elementor-button-link elementor-size-md\" href=\"https:\/\/www.lawmarbella.com\/\">\n\t\t\t\t\t\t<span class=\"elementor-button-content-wrapper\">\n\t\t\t\t\t\t<span class=\"elementor-button-text\">Volver<\/span>\n\t\t<\/span>\n\t\t\t\t\t<\/a>\n\t\t<\/div>\n\t\t\t\t<\/div>\n\t\t\t\t<\/div>\n\t\t\t\t\t<\/div>\n\t\t<\/div>\n\t\t\t\t\t<\/div>\n\t\t<\/section>\n\t\t\t\t\t<\/div>\n\t\t<\/div>\n\t\t\t\t\t<\/div>\n\t\t<\/section>\n\t\t\t\t<\/div>\n\t\t","protected":false},"excerpt":{"rendered":"<p>Carolina Schriver PARALEGAL Licenciada en Econom\u00eda, Carolina se incorpor\u00f3 a Garc\u00eda Castarnado Abogados en 2023. Antes de mudarse a Espa\u00f1a, trabaj\u00f3 en Londres en la consultora de riesgos Kroll, encargada de realizar investigaciones de due diligence. Tiene experiencia en docencia, habiendo pasado varios a\u00f1os impartiendo cursos de econom\u00eda en un programa intensivo en Londres. Su [&hellip;]<\/p>\n","protected":false},"author":1,"featured_media":6764,"parent":0,"menu_order":0,"comment_status":"closed","ping_status":"closed","template":"elementor_header_footer","meta":{"footnotes":""},"class_list":["post-15571","page","type-page","status-publish","has-post-thumbnail","hentry"],"_links":{"self":[{"href":"https:\/\/www.lawmarbella.com\/es\/wp-json\/wp\/v2\/pages\/15571","targetHints":{"allow":["GET"]}}],"collection":[{"href":"https:\/\/www.lawmarbella.com\/es\/wp-json\/wp\/v2\/pages"}],"about":[{"href":"https:\/\/www.lawmarbella.com\/es\/wp-json\/wp\/v2\/types\/page"}],"author":[{"embeddable":true,"href":"https:\/\/www.lawmarbella.com\/es\/wp-json\/wp\/v2\/users\/1"}],"replies":[{"embeddable":true,"href":"https:\/\/www.lawmarbella.com\/es\/wp-json\/wp\/v2\/comments?post=15571"}],"version-history":[{"count":0,"href":"https:\/\/www.lawmarbella.com\/es\/wp-json\/wp\/v2\/pages\/15571\/revisions"}],"wp:featuredmedia":[{"embeddable":true,"href":"https:\/\/www.lawmarbella.com\/es\/wp-json\/wp\/v2\/media\/6764"}],"wp:attachment":[{"href":"https:\/\/www.lawmarbella.com\/es\/wp-json\/wp\/v2\/media?parent=15571"}],"curies":[{"name":"wp","href":"https:\/\/api.w.org\/{rel}","templated":true}]}}